{"id":18369,"date":"2020-08-14T09:45:41","date_gmt":"2020-08-14T08:45:41","guid":{"rendered":"https:\/\/www.servomex.com\/?page_id=18369"},"modified":"2025-08-26T16:30:07","modified_gmt":"2025-08-26T15:30:07","slug":"home","status":"publish","type":"page","link":"https:\/\/www.servomex.com\/tr\/home\/","title":{"rendered":"Home &#8211; Servomex &#8211; Turkish"},"content":{"rendered":"","protected":false},"excerpt":{"rendered":"<p>  <a href=\"https:\/\/www.servomex.com\/tr\/home\/\">&nbsp;&raquo;&nbsp;Read more about: Home &#8211; Servomex &#8211; Turkish &nbsp;&raquo;<\/a><\/p>\n","protected":false},"author":126,"featured_media":0,"parent":0,"menu_order":0,"comment_status":"closed","ping_status":"closed","template":"page_simplified-language-landing.php","meta":{"_acf_changed":false,"_relevanssi_hide_post":"","_relevanssi_hide_content":"","_relevanssi_pin_for_all":"","_relevanssi_pin_keywords":"","_relevanssi_unpin_keywords":"","_relevanssi_related_keywords":"","_relevanssi_related_include_ids":"","_relevanssi_related_exclude_ids":"","_relevanssi_related_no_append":"","_relevanssi_related_not_related":"","_relevanssi_related_posts":"","_relevanssi_noindex_reason":"","footnotes":""},"class_list":["post-18369","page","type-page","status-publish","hentry"],"acf":[],"yoast_head":"<!-- This site is optimized with the Yoast SEO plugin v27.3 - https:\/\/yoast.com\/product\/yoast-seo-wordpress\/ -->\n<title>Home - Servomex - Turkish - Servomex<\/title>\n<meta name=\"description\" content=\"Servomex, gaz analizinde uzmand\u0131r: D\u00fcnya \u00e7ap\u0131ndaki end\u00fcstriler i\u00e7in g\u00fcvenilir, do\u011fru ve istikrarl\u0131 gaz \u00f6l\u00e7\u00fcm \u00e7\u00f6z\u00fcmlerinin lider sa\u011flay\u0131c\u0131s\u0131d\u0131r.\" \/>\n<meta name=\"robots\" content=\"index, follow, max-snippet:-1, max-image-preview:large, max-video-preview:-1\" \/>\n<link rel=\"canonical\" href=\"https:\/\/www.servomex.com\/tr\/home\/\" \/>\n<meta property=\"og:locale\" content=\"tr_TR\" \/>\n<meta property=\"og:type\" content=\"article\" \/>\n<meta property=\"og:title\" content=\"Home - Servomex - Turkish - Servomex\" \/>\n<meta property=\"og:description\" content=\"Servomex, gaz analizinde uzmand\u0131r: D\u00fcnya \u00e7ap\u0131ndaki end\u00fcstriler i\u00e7in g\u00fcvenilir, do\u011fru ve istikrarl\u0131 gaz \u00f6l\u00e7\u00fcm \u00e7\u00f6z\u00fcmlerinin lider sa\u011flay\u0131c\u0131s\u0131d\u0131r.\" \/>\n<meta property=\"og:url\" content=\"https:\/\/www.servomex.com\/tr\/home\/\" \/>\n<meta property=\"og:site_name\" content=\"Servomex\" \/>\n<meta property=\"article:modified_time\" content=\"2025-08-26T15:30:07+00:00\" \/>\n<meta name=\"twitter:card\" content=\"summary_large_image\" \/>\n<script type=\"application\/ld+json\" class=\"yoast-schema-graph\">{\n\t    \"@context\": \"https:\\\/\\\/schema.org\",\n\t    \"@graph\": [\n\t        {\n\t            \"@type\": \"WebPage\",\n\t            \"@id\": \"https:\\\/\\\/www.servomex.com\\\/tr\\\/home\\\/\",\n\t            \"url\": \"https:\\\/\\\/www.servomex.com\\\/tr\\\/home\\\/\",\n\t            \"name\": \"Home - Servomex - Turkish - Servomex\",\n\t            \"isPartOf\": {\n\t                \"@id\": \"https:\\\/\\\/www.servomex.com\\\/tr\\\/#website\"\n\t            },\n\t            \"datePublished\": \"2020-08-14T08:45:41+00:00\",\n\t            \"dateModified\": \"2025-08-26T15:30:07+00:00\",\n\t            \"description\": \"Servomex, gaz analizinde uzmand\u0131r: D\u00fcnya \u00e7ap\u0131ndaki end\u00fcstriler i\u00e7in g\u00fcvenilir, do\u011fru ve istikrarl\u0131 gaz \u00f6l\u00e7\u00fcm \u00e7\u00f6z\u00fcmlerinin lider sa\u011flay\u0131c\u0131s\u0131d\u0131r.\",\n\t            \"breadcrumb\": {\n\t                \"@id\": \"https:\\\/\\\/www.servomex.com\\\/tr\\\/home\\\/#breadcrumb\"\n\t            },\n\t            \"inLanguage\": \"tr\",\n\t            \"potentialAction\": [\n\t                {\n\t                    \"@type\": \"ReadAction\",\n\t                    \"target\": [\n\t                        \"https:\\\/\\\/www.servomex.com\\\/tr\\\/home\\\/\"\n\t                    ]\n\t                }\n\t            ]\n\t        },\n\t        {\n\t            \"@type\": \"BreadcrumbList\",\n\t            \"@id\": \"https:\\\/\\\/www.servomex.com\\\/tr\\\/home\\\/#breadcrumb\",\n\t            \"itemListElement\": [\n\t                {\n\t                    \"@type\": \"ListItem\",\n\t                    \"position\": 1,\n\t                    \"name\": \"Home\",\n\t                    \"item\": \"https:\\\/\\\/www.servomex.com\\\/tr\\\/home\"\n\t                },\n\t                {\n\t                    \"@type\": \"ListItem\",\n\t                    \"position\": 2,\n\t                    \"name\": \"Home &#8211; Servomex &#8211; Turkish\"\n\t                }\n\t            ]\n\t        },\n\t        {\n\t            \"@type\": \"WebSite\",\n\t            \"@id\": \"https:\\\/\\\/www.servomex.com\\\/tr\\\/#website\",\n\t            \"url\": \"https:\\\/\\\/www.servomex.com\\\/tr\\\/\",\n\t            \"name\": \"Servomex\",\n\t            \"description\": \"Gas Analysis Equipment, Technology &amp; Consulting | Servomex\",\n\t            \"publisher\": {\n\t                \"@id\": \"https:\\\/\\\/www.servomex.com\\\/tr\\\/#organization\"\n\t            },\n\t            \"potentialAction\": [\n\t                {\n\t                    \"@type\": \"SearchAction\",\n\t                    \"target\": {\n\t                        \"@type\": \"EntryPoint\",\n\t                        \"urlTemplate\": \"https:\\\/\\\/www.servomex.com\\\/tr\\\/?s={search_term_string}\"\n\t                    },\n\t                    \"query-input\": {\n\t                        \"@type\": \"PropertyValueSpecification\",\n\t                        \"valueRequired\": true,\n\t                        \"valueName\": \"search_term_string\"\n\t                    }\n\t                }\n\t            ],\n\t            \"inLanguage\": \"tr\"\n\t        },\n\t        {\n\t            \"@type\": \"Organization\",\n\t            \"@id\": \"https:\\\/\\\/www.servomex.com\\\/tr\\\/#organization\",\n\t            \"name\": \"Servomex Group Limited\",\n\t            \"url\": \"https:\\\/\\\/www.servomex.com\\\/tr\\\/\",\n\t            \"logo\": {\n\t                \"@type\": \"ImageObject\",\n\t                \"inLanguage\": \"tr\",\n\t                \"@id\": \"https:\\\/\\\/www.servomex.com\\\/tr\\\/#\\\/schema\\\/logo\\\/image\\\/\",\n\t                \"url\": \"https:\\\/\\\/www.servomex.com\\\/wp-content\\\/uploads\\\/2020\\\/06\\\/servomex-logo.jpg\",\n\t                \"contentUrl\": \"https:\\\/\\\/www.servomex.com\\\/wp-content\\\/uploads\\\/2020\\\/06\\\/servomex-logo.jpg\",\n\t                \"width\": 400,\n\t                \"height\": 100,\n\t                \"caption\": \"Servomex Group Limited\"\n\t            },\n\t            \"image\": {\n\t                \"@id\": \"https:\\\/\\\/www.servomex.com\\\/tr\\\/#\\\/schema\\\/logo\\\/image\\\/\"\n\t            }\n\t        }\n\t    ]\n\t}<\/script>\n<!-- \/ Yoast SEO plugin. -->","yoast_head_json":{"title":"Home - Servomex - Turkish - Servomex","description":"Servomex, gaz analizinde uzmand\u0131r: D\u00fcnya \u00e7ap\u0131ndaki end\u00fcstriler i\u00e7in g\u00fcvenilir, do\u011fru ve istikrarl\u0131 gaz \u00f6l\u00e7\u00fcm \u00e7\u00f6z\u00fcmlerinin lider sa\u011flay\u0131c\u0131s\u0131d\u0131r.","robots":{"index":"index","follow":"follow","max-snippet":"max-snippet:-1","max-image-preview":"max-image-preview:large","max-video-preview":"max-video-preview:-1"},"canonical":"https:\/\/www.servomex.com\/tr\/home\/","og_locale":"tr_TR","og_type":"article","og_title":"Home - Servomex - Turkish - Servomex","og_description":"Servomex, gaz analizinde uzmand\u0131r: D\u00fcnya \u00e7ap\u0131ndaki end\u00fcstriler i\u00e7in g\u00fcvenilir, do\u011fru ve istikrarl\u0131 gaz \u00f6l\u00e7\u00fcm \u00e7\u00f6z\u00fcmlerinin lider sa\u011flay\u0131c\u0131s\u0131d\u0131r.","og_url":"https:\/\/www.servomex.com\/tr\/home\/","og_site_name":"Servomex","article_modified_time":"2025-08-26T15:30:07+00:00","twitter_card":"summary_large_image","schema":{"@context":"https:\/\/schema.org","@graph":[{"@type":"WebPage","@id":"https:\/\/www.servomex.com\/tr\/home\/","url":"https:\/\/www.servomex.com\/tr\/home\/","name":"Home - Servomex - Turkish - Servomex","isPartOf":{"@id":"https:\/\/www.servomex.com\/tr\/#website"},"datePublished":"2020-08-14T08:45:41+00:00","dateModified":"2025-08-26T15:30:07+00:00","description":"Servomex, gaz analizinde uzmand\u0131r: D\u00fcnya \u00e7ap\u0131ndaki end\u00fcstriler i\u00e7in g\u00fcvenilir, do\u011fru ve istikrarl\u0131 gaz \u00f6l\u00e7\u00fcm \u00e7\u00f6z\u00fcmlerinin lider sa\u011flay\u0131c\u0131s\u0131d\u0131r.","breadcrumb":{"@id":"https:\/\/www.servomex.com\/tr\/home\/#breadcrumb"},"inLanguage":"tr","potentialAction":[{"@type":"ReadAction","target":["https:\/\/www.servomex.com\/tr\/home\/"]}]},{"@type":"BreadcrumbList","@id":"https:\/\/www.servomex.com\/tr\/home\/#breadcrumb","itemListElement":[{"@type":"ListItem","position":1,"name":"Home","item":"https:\/\/www.servomex.com\/tr\/home"},{"@type":"ListItem","position":2,"name":"Home &#8211; Servomex &#8211; Turkish"}]},{"@type":"WebSite","@id":"https:\/\/www.servomex.com\/tr\/#website","url":"https:\/\/www.servomex.com\/tr\/","name":"Servomex","description":"Gas Analysis Equipment, Technology &amp; Consulting | Servomex","publisher":{"@id":"https:\/\/www.servomex.com\/tr\/#organization"},"potentialAction":[{"@type":"SearchAction","target":{"@type":"EntryPoint","urlTemplate":"https:\/\/www.servomex.com\/tr\/?s={search_term_string}"},"query-input":{"@type":"PropertyValueSpecification","valueRequired":true,"valueName":"search_term_string"}}],"inLanguage":"tr"},{"@type":"Organization","@id":"https:\/\/www.servomex.com\/tr\/#organization","name":"Servomex Group Limited","url":"https:\/\/www.servomex.com\/tr\/","logo":{"@type":"ImageObject","inLanguage":"tr","@id":"https:\/\/www.servomex.com\/tr\/#\/schema\/logo\/image\/","url":"https:\/\/www.servomex.com\/wp-content\/uploads\/2020\/06\/servomex-logo.jpg","contentUrl":"https:\/\/www.servomex.com\/wp-content\/uploads\/2020\/06\/servomex-logo.jpg","width":400,"height":100,"caption":"Servomex Group Limited"},"image":{"@id":"https:\/\/www.servomex.com\/tr\/#\/schema\/logo\/image\/"}}]}},"_links":{"self":[{"href":"https:\/\/www.servomex.com\/tr\/wp-json\/wp\/v2\/pages\/18369","targetHints":{"allow":["GET"]}}],"collection":[{"href":"https:\/\/www.servomex.com\/tr\/wp-json\/wp\/v2\/pages"}],"about":[{"href":"https:\/\/www.servomex.com\/tr\/wp-json\/wp\/v2\/types\/page"}],"author":[{"embeddable":true,"href":"https:\/\/www.servomex.com\/tr\/wp-json\/wp\/v2\/users\/126"}],"replies":[{"embeddable":true,"href":"https:\/\/www.servomex.com\/tr\/wp-json\/wp\/v2\/comments?post=18369"}],"version-history":[{"count":5,"href":"https:\/\/www.servomex.com\/tr\/wp-json\/wp\/v2\/pages\/18369\/revisions"}],"predecessor-version":[{"id":96956,"href":"https:\/\/www.servomex.com\/tr\/wp-json\/wp\/v2\/pages\/18369\/revisions\/96956"}],"wp:attachment":[{"href":"https:\/\/www.servomex.com\/tr\/wp-json\/wp\/v2\/media?parent=18369"}],"curies":[{"name":"wp","href":"https:\/\/api.w.org\/{rel}","templated":true}]}}